{"id":33,"date":"2019-10-21T13:09:44","date_gmt":"2019-10-21T13:09:44","guid":{"rendered":"http:\/\/hpp-hypnose.de\/?page_id=33"},"modified":"2019-12-19T20:26:32","modified_gmt":"2019-12-19T20:26:32","slug":"neue-seite","status":"publish","type":"page","link":"https:\/\/hpp-hypnose.de\/?page_id=33","title":{"rendered":"Hypnose &#8211; Hintergrundwissen"},"content":{"rendered":"\n<h2 class=\"wp-block-heading\">Grundlegendes<\/h2>\n\n\n\n<p>Seit Jahrtausenden werden Trance-Zust\u00e4nde f\u00fcr die Heilung eingesetzt. Trancen sind Alltags-Ph\u00e4nomene, die jeder schon erfahren hat. Professionelle Hypnose-Therapeuten k\u00f6nnen Trancen gezielt daf\u00fcr einsetzen, das Unterbewu\u00dftsein in den Heilungsprozess einzubinden.<\/p>\n\n\n\n<p>Die moderne Hirnforschung belegt, dass k\u00f6rperliche und psychische Beschwerden oft eng verbunden sind, einem hohen Anteil von chronischen Krankheiten wird ein deutlicher Beitrag von psychischen Themen zugeordnet. Praktisch jeder kennt zum Beispiel Bauchschmerzen und Verdauungsst\u00f6rungen durch Angst oder Anspannung, Kopfschmerzen bei inneren Konflikten und vieles mehr.<\/p>\n\n\n\n<p>Der Mensch ist ein lernf\u00e4higes Wesen und zentrale Lernerfahrungen werden bereits in fr\u00fchester Kindheit gemacht. Besonders stark emotionale Erfahrungen, teilweise nur von Sekundendauer, k\u00f6nnen Konditionierungen im Unterbewussten verankern, die ein Leben lang ihre Wirkung entfalten, auch wenn sie zu sp\u00e4teren Lebensumst\u00e4nden nicht mehr passen. Dabei sind meist unbewusste Ausl\u00f6ser (\u201eTrigger\u201c) wirksam, die, wenn sie in der folgenden Lebenszeit \u00f6fters ausgel\u00f6st werden, die Konditionierung verst\u00e4rken k\u00f6nnen. Diese Mechanismen sind hochwirksam und f\u00fcr Kinder mitunter \u00fcberlebenswichtig, im sp\u00e4teren Leben k\u00f6nnen diese Konditionierungen jedoch erhebliche Probleme bereiten, wenn sie nicht mehr in das aktuelle Leben passen und st\u00e4rkste Emotionen und Reaktionen automatisch ausl\u00f6sen, ohne dass die betroffene Person die Ursachen erkennen kann.<\/p>\n\n\n\n<h2 class=\"wp-block-heading\">Hypnotische Heilverfahren<\/h2>\n\n\n\n<p>Die Hypnosetherapie ist keine einheitliche Behandlungsweise, sondern kann, je nach Ausbildung des Hypnosetherapeuten, viele verschiedene Ans\u00e4tze beinhalten, die wir Ihnen alle anbieten k\u00f6nnen:<\/p>\n\n\n\n<ul class=\"wp-block-list\"><li>Die&nbsp;<strong>Hypnotische Trance<\/strong>&nbsp;f\u00fcr sich ist schon h\u00e4ufig heilend wirksam geworden, da eine sehr tiefe Entspannung eintritt. Diese ist mit modernen Methoden der Hirnforschung sichtbar zu machen, die Hypnose gilt daher als wissenschaftlich best\u00e4tigtes Verfahren (im Gegensatz zu anderen Methoden der Psychotherapie, die teilweise seit \u00fcber 100 Jahren eingesetzt werden).<\/li><li>Die&nbsp;<strong>klassische Suggestionstherapie<\/strong>, die in vielen F\u00e4llen bereits sehr gute Ergebnisse bringen kann<\/li><li>Der&nbsp;<strong>Yager-Code<\/strong>, benannt nach seinem Erfinder Ed Yager, ein hochwirksames Verfahren, das sanft und nicht aufdeckend arbeitet \u2013 der Klient kann, wenn er das vorzieht, sein Problem f\u00fcr sich behalten und muss es nicht aussprechen.<\/li><li><strong>Simpson-Protokoll<\/strong>, entwickelt von Ines Simpson aus Kanada \u2013 wirksam in vielen Bereichen, verbindet Elemente des Yager-Code mit Anteilen der Regressions-Hypnose.<\/li><li>Die&nbsp;<strong>Regressions-Hypnose<\/strong>, das wirksamste Werkzeug im hypnotischen Werkzeugkasten \u2013 f\u00fchrt zu den Ursachen (meist im Altersbereich zwischen 0 und 3 Jahren) und erm\u00f6glicht eine dauerhafte Heilung von fr\u00fchen traumatischen Konditionierungen.<\/li><li>Die&nbsp;<strong>Verzeiharbeit<\/strong>&nbsp;\u2013 unverzichtbar, wenn (auch und vor allem unbewusster) Groll zu Schl\u00fcsselpersonen besteht und das Unterbewusstsein belastet. Die Aufl\u00f6sung solcher Beeintr\u00e4chtigungen kann ein neues Lebensgef\u00fchl erm\u00f6glichen.<\/li><\/ul>\n\n\n\n<h2 class=\"wp-block-heading\">Anwendungsgebiete<\/h2>\n\n\n\n<p>Hypnose hat sich in vielen Bereichen als wirksam erwiesen, auch wenn auch dieses Heilverfahren keine Erfolgsgarantie abgeben kann und abgeben darf. Bei allen physischen Leiden muss vorab eine organische Ursache durch einen Arzt abgekl\u00e4rt und ausgeschlossen werden.&nbsp;<\/p>\n\n\n\n<p>Sehr gute Erfahrungen liegen in folgenden Gebieten vor, hier sei nur eine kleine Auswahl genannt:<\/p>\n\n\n\n<ul class=\"wp-block-list\"><li><strong>Rauch-Entw\u00f6hnung<\/strong>\u00a0\u2013 hier sei gleich vorausgeschickt, dass der Wille des Klienten, wirklich mit dem Rauchen aufzuh\u00f6ren eine unverzichtbare Voraussetzung ist, um erfolgreich das Rauchen aufzugeben. Auch bei anderen Suchterkrankungen sind gute Erfolge erzielt worden, wie z.B. Cannabis-Missbrauch u.a.<\/li><li>Spezifische und allgemeine\u00a0<strong>Angstzust\u00e4nde\/Phobien<\/strong>\u00a0(vor Spinnen, Hunden, bestimmten Situationen)<\/li><li><strong>Sexuelle Funktionsst\u00f6rungen<\/strong>, organische Ursachen m\u00fcssen vorab \u00e4rztlich ausgeschlossen werden. Im Rahmen von wissenschaftlichen Studien von Dr. Yager (verstorben mit 93 im Jahr 2019), klinischer Professor im Department of Psychiatry der University of California, San Diego konnte nachgewiesen werden, dass deutlich mehr als 90% aller psychisch bedingten sexuellen Funktionsst\u00f6rungen durch Hypnosetherapie erfolgreich behandelt werden konnten.<\/li><li><strong>Chronische R\u00fccken- und Beinschmerzen<\/strong>\u00a0\u2013 auch hier muss vorher eine organische Ursache ausgeschlossen werden.<\/li><li><strong>Allergien<\/strong>: In vielen F\u00e4llen haben auch Allergien eine starke psychische Komponente und k\u00f6nnten sehr gut mit Hypnose behandelt werden.<\/li><li><strong>Kopfschmerzen<\/strong>\u00a0und\u00a0<strong>Migr\u00e4ne<\/strong>, wenn organische Ursachen ausgeschlossen werden konnten<\/li><li>Burnout<\/li><li>Bestimmte Formen der\u00a0<strong>Depression<\/strong><\/li><\/ul>\n\n\n\n<p><\/p>\n","protected":false},"excerpt":{"rendered":"<p>Grundlegendes Seit Jahrtausenden werden Trance-Zust\u00e4nde f\u00fcr die Heilung eingesetzt. Trancen sind Alltags-Ph\u00e4nomene, die jeder schon erfahren hat. Professionelle Hypnose-Therapeuten k\u00f6nnen Trancen gezielt daf\u00fcr einsetzen, das Unterbewu\u00dftsein in den Heilungsprozess einzubinden. Die moderne Hirnforschung belegt, dass k\u00f6rperliche und psychische Beschwerden oft eng verbunden sind, einem hohen Anteil von chronischen Krankheiten wird ein deutlicher Beitrag von psychischen &hellip; <\/p>\n<p class=\"link-more\"><a href=\"https:\/\/hpp-hypnose.de\/?page_id=33\" class=\"more-link\"><span class=\"screen-reader-text\">\u201eHypnose &#8211; Hintergrundwissen\u201c <\/span>weiterlesen<\/a><\/p>\n","protected":false},"author":1,"featured_media":0,"parent":0,"menu_order":0,"comment_status":"closed","ping_status":"closed","template":"","meta":{"footnotes":""},"class_list":["post-33","page","type-page","status-publish","hentry"],"yoast_head":"<!-- This site is optimized with the Yoast SEO plugin v26.9 - https:\/\/yoast.com\/product\/yoast-seo-wordpress\/ -->\n<title>Hypnose - Hintergrundwissen - Hypnose-Praxis<\/title>\n<meta name=\"robots\" content=\"index, follow, max-snippet:-1, max-image-preview:large, max-video-preview:-1\" \/>\n<link rel=\"canonical\" href=\"https:\/\/hpp-hypnose.de\/?page_id=33\" \/>\n<meta property=\"og:locale\" content=\"de_DE\" \/>\n<meta property=\"og:type\" content=\"article\" \/>\n<meta property=\"og:title\" content=\"Hypnose - Hintergrundwissen - Hypnose-Praxis\" \/>\n<meta property=\"og:description\" content=\"Grundlegendes Seit Jahrtausenden werden Trance-Zust\u00e4nde f\u00fcr die Heilung eingesetzt. Trancen sind Alltags-Ph\u00e4nomene, die jeder schon erfahren hat. Professionelle Hypnose-Therapeuten k\u00f6nnen Trancen gezielt daf\u00fcr einsetzen, das Unterbewu\u00dftsein in den Heilungsprozess einzubinden. Die moderne Hirnforschung belegt, dass k\u00f6rperliche und psychische Beschwerden oft eng verbunden sind, einem hohen Anteil von chronischen Krankheiten wird ein deutlicher Beitrag von psychischen &hellip; \u201eHypnose &#8211; Hintergrundwissen\u201c weiterlesen\" \/>\n<meta property=\"og:url\" content=\"https:\/\/hpp-hypnose.de\/?page_id=33\" \/>\n<meta property=\"og:site_name\" content=\"Hypnose-Praxis\" \/>\n<meta property=\"article:modified_time\" content=\"2019-12-19T20:26:32+00:00\" \/>\n<meta name=\"twitter:card\" content=\"summary_large_image\" \/>\n<meta name=\"twitter:label1\" content=\"Gesch\u00e4tzte Lesezeit\" \/>\n\t<meta name=\"twitter:data1\" content=\"3\u00a0Minuten\" \/>\n<script type=\"application\/ld+json\" class=\"yoast-schema-graph\">{\"@context\":\"https:\/\/schema.org\",\"@graph\":[{\"@type\":\"WebPage\",\"@id\":\"https:\/\/hpp-hypnose.de\/?page_id=33\",\"url\":\"https:\/\/hpp-hypnose.de\/?page_id=33\",\"name\":\"Hypnose - Hintergrundwissen - Hypnose-Praxis\",\"isPartOf\":{\"@id\":\"https:\/\/hpp-hypnose.de\/#website\"},\"datePublished\":\"2019-10-21T13:09:44+00:00\",\"dateModified\":\"2019-12-19T20:26:32+00:00\",\"breadcrumb\":{\"@id\":\"https:\/\/hpp-hypnose.de\/?page_id=33#breadcrumb\"},\"inLanguage\":\"de\",\"potentialAction\":[{\"@type\":\"ReadAction\",\"target\":[\"https:\/\/hpp-hypnose.de\/?page_id=33\"]}]},{\"@type\":\"BreadcrumbList\",\"@id\":\"https:\/\/hpp-hypnose.de\/?page_id=33#breadcrumb\",\"itemListElement\":[{\"@type\":\"ListItem\",\"position\":1,\"name\":\"Startseite\",\"item\":\"https:\/\/hpp-hypnose.de\/\"},{\"@type\":\"ListItem\",\"position\":2,\"name\":\"Hypnose &#8211; Hintergrundwissen\"}]},{\"@type\":\"WebSite\",\"@id\":\"https:\/\/hpp-hypnose.de\/#website\",\"url\":\"https:\/\/hpp-hypnose.de\/\",\"name\":\"Hypnose-Praxis\",\"description\":\"Das Unterbewu\u00dftsein f\u00fcr Heilung und Coaching nutzen\",\"potentialAction\":[{\"@type\":\"SearchAction\",\"target\":{\"@type\":\"EntryPoint\",\"urlTemplate\":\"https:\/\/hpp-hypnose.de\/?s={search_term_string}\"},\"query-input\":{\"@type\":\"PropertyValueSpecification\",\"valueRequired\":true,\"valueName\":\"search_term_string\"}}],\"inLanguage\":\"de\"}]}<\/script>\n<!-- \/ Yoast SEO plugin. -->","yoast_head_json":{"title":"Hypnose - Hintergrundwissen - Hypnose-Praxis","robots":{"index":"index","follow":"follow","max-snippet":"max-snippet:-1","max-image-preview":"max-image-preview:large","max-video-preview":"max-video-preview:-1"},"canonical":"https:\/\/hpp-hypnose.de\/?page_id=33","og_locale":"de_DE","og_type":"article","og_title":"Hypnose - Hintergrundwissen - Hypnose-Praxis","og_description":"Grundlegendes Seit Jahrtausenden werden Trance-Zust\u00e4nde f\u00fcr die Heilung eingesetzt. Trancen sind Alltags-Ph\u00e4nomene, die jeder schon erfahren hat. Professionelle Hypnose-Therapeuten k\u00f6nnen Trancen gezielt daf\u00fcr einsetzen, das Unterbewu\u00dftsein in den Heilungsprozess einzubinden. Die moderne Hirnforschung belegt, dass k\u00f6rperliche und psychische Beschwerden oft eng verbunden sind, einem hohen Anteil von chronischen Krankheiten wird ein deutlicher Beitrag von psychischen &hellip; \u201eHypnose &#8211; Hintergrundwissen\u201c weiterlesen","og_url":"https:\/\/hpp-hypnose.de\/?page_id=33","og_site_name":"Hypnose-Praxis","article_modified_time":"2019-12-19T20:26:32+00:00","twitter_card":"summary_large_image","twitter_misc":{"Gesch\u00e4tzte Lesezeit":"3\u00a0Minuten"},"schema":{"@context":"https:\/\/schema.org","@graph":[{"@type":"WebPage","@id":"https:\/\/hpp-hypnose.de\/?page_id=33","url":"https:\/\/hpp-hypnose.de\/?page_id=33","name":"Hypnose - Hintergrundwissen - Hypnose-Praxis","isPartOf":{"@id":"https:\/\/hpp-hypnose.de\/#website"},"datePublished":"2019-10-21T13:09:44+00:00","dateModified":"2019-12-19T20:26:32+00:00","breadcrumb":{"@id":"https:\/\/hpp-hypnose.de\/?page_id=33#breadcrumb"},"inLanguage":"de","potentialAction":[{"@type":"ReadAction","target":["https:\/\/hpp-hypnose.de\/?page_id=33"]}]},{"@type":"BreadcrumbList","@id":"https:\/\/hpp-hypnose.de\/?page_id=33#breadcrumb","itemListElement":[{"@type":"ListItem","position":1,"name":"Startseite","item":"https:\/\/hpp-hypnose.de\/"},{"@type":"ListItem","position":2,"name":"Hypnose &#8211; Hintergrundwissen"}]},{"@type":"WebSite","@id":"https:\/\/hpp-hypnose.de\/#website","url":"https:\/\/hpp-hypnose.de\/","name":"Hypnose-Praxis","description":"Das Unterbewu\u00dftsein f\u00fcr Heilung und Coaching nutzen","potentialAction":[{"@type":"SearchAction","target":{"@type":"EntryPoint","urlTemplate":"https:\/\/hpp-hypnose.de\/?s={search_term_string}"},"query-input":{"@type":"PropertyValueSpecification","valueRequired":true,"valueName":"search_term_string"}}],"inLanguage":"de"}]}},"_links":{"self":[{"href":"https:\/\/hpp-hypnose.de\/index.php?rest_route=\/wp\/v2\/pages\/33","targetHints":{"allow":["GET"]}}],"collection":[{"href":"https:\/\/hpp-hypnose.de\/index.php?rest_route=\/wp\/v2\/pages"}],"about":[{"href":"https:\/\/hpp-hypnose.de\/index.php?rest_route=\/wp\/v2\/types\/page"}],"author":[{"embeddable":true,"href":"https:\/\/hpp-hypnose.de\/index.php?rest_route=\/wp\/v2\/users\/1"}],"replies":[{"embeddable":true,"href":"https:\/\/hpp-hypnose.de\/index.php?rest_route=%2Fwp%2Fv2%2Fcomments&post=33"}],"version-history":[{"count":6,"href":"https:\/\/hpp-hypnose.de\/index.php?rest_route=\/wp\/v2\/pages\/33\/revisions"}],"predecessor-version":[{"id":78,"href":"https:\/\/hpp-hypnose.de\/index.php?rest_route=\/wp\/v2\/pages\/33\/revisions\/78"}],"wp:attachment":[{"href":"https:\/\/hpp-hypnose.de\/index.php?rest_route=%2Fwp%2Fv2%2Fmedia&parent=33"}],"curies":[{"name":"wp","href":"https:\/\/api.w.org\/{rel}","templated":true}]}}