{"id":56,"date":"2019-10-21T15:18:24","date_gmt":"2019-10-21T15:18:24","guid":{"rendered":"http:\/\/hpp-hypnose.de\/?page_id=56"},"modified":"2019-12-13T11:49:40","modified_gmt":"2019-12-13T11:49:40","slug":"impressum","status":"publish","type":"page","link":"https:\/\/hpp-hypnose.de\/?page_id=56","title":{"rendered":"Impressum"},"content":{"rendered":"\n<figure class=\"wp-block-image is-resized\"><img loading=\"lazy\" decoding=\"async\" src=\"http:\/\/hpp-hypnose.de\/wp-content\/uploads\/2019\/10\/Bildschirmfoto-2019-10-21-um-19.25.36.png\" alt=\"\" class=\"wp-image-61\" width=\"253\" height=\"156\" srcset=\"https:\/\/hpp-hypnose.de\/wp-content\/uploads\/2019\/10\/Bildschirmfoto-2019-10-21-um-19.25.36.png 528w, https:\/\/hpp-hypnose.de\/wp-content\/uploads\/2019\/10\/Bildschirmfoto-2019-10-21-um-19.25.36-300x185.png 300w\" sizes=\"auto, (max-width: 253px) 100vw, 253px\" \/><\/figure>\n\n\n\n<p> <br><strong>Gesetzliche Berufsbezeichnung:<\/strong><br>Heilpraktiker, beschr\u00e4nkt auf das Gebiet der Psychotherapie<\/p>\n\n\n\n<p><strong>Haftungsausschluss \/ Disclaimer<\/strong><br>von Stefan Levedag, im Folgenden mit S.L. abgek\u00fcrzt<\/p>\n\n\n\n<p>1.  S.L. \u00fcbernimmt keinerlei Gew\u00e4hr f\u00fcr die Aktualit\u00e4t,  Korrektheit, Vollst\u00e4ndigkeit oder Qualit\u00e4t der bereitgestellten Informationen sowie der Formulare.  Haftungsanspr\u00fcche, welche sich auf Sch\u00e4den materieller oder ideeller Art  beziehen, die durch die Nutzung oder Nichtnutzung der dargebotenen Informationen bzw. durch die Nutzung fehlerhafter und  unvollst\u00e4ndiger Informationen verursacht wurden, sind grunds\u00e4tzlich  ausgeschlossen, sofern kein nachweislich vors\u00e4tzliches oder grob fahrl\u00e4ssiges Verschulden vorliegt.<br>Alle angebotenen Informationen sind freibleibend und unverbindlich. S.L.  beh\u00e4lt es sich ausdr\u00fccklich vor, Teile der Seiten oder das  gesamte Angebot ohne gesonderte Ank\u00fcndigung zu ver\u00e4ndern, zu erg\u00e4nzen, zu l\u00f6schen oder die Ver\u00f6ffentlichung zeitweise oder  endg\u00fcltig einzustellen.<br> <br>2. Verweise und Links<br>Mit Urteil vom 12. Mai 1998 hat das Landgericht Hamburg entschieden,  dass man durch die Ausbringung eines Links die Inhalte der gelinkten  Seite ggf. mit zu verantworten hat. Dies kann &#8211; so das LG &#8211; nur dadurch verhindert werden, dass man sich ausdr\u00fccklich von diesen  Inhalten distanziert. Die Internetseite hpp-hypnose.de hat ggf. auf  ihrer Seite Links (Querverweise) zu anderen Seiten im Internet gelegt.<br>F\u00fcr alle diese Links gilt:<br>S.L. hat keinerlei Einfluss auf die aktuelle und zuk\u00fcnftige  Gestaltung, Inhalte, Urheberschaft und Ideologie der  gelinkten\/verkn\u00fcpften Seiten. Deshalb distanziert sich S.L. hiermit ausdr\u00fccklich von allen Inhalten aller gelinkten Seiten auf der  Internetseite. S.L. erkl\u00e4rt hiermit ausdr\u00fccklich, dass zum  Zeitpunkt der Verlinkung keine illegalen Inhalte auf den zu verlinkenden Seiten erkennbar waren. Diese Erkl\u00e4rung gilt f\u00fcr alle unter www.hpp-hypnose.de aufgef\u00fchrten Links und f\u00fcr alle Inhalte der Seiten,  zu denen die Banner, Bilder o.\u00e4. f\u00fchren, auch wenn nicht auf jeder Seite darauf hingewiesen wird.<br>F\u00fcr illegale, fehlerhafte oder unvollst\u00e4ndige Inhalte und insbesondere  f\u00fcr Sch\u00e4den, die aus der Nutzung oder Nichtnutzung solcherart  dargebotener Informationen entstehen, haftet allein der Anbieter der Seite, auf welche verwiesen wurde, nicht S.L., der \u00fcber  Links auf die jeweilige Ver\u00f6ffentlichung lediglich verweist.<br> <br>3. S.L. ist bestrebt, in allen Publikationen die Urheberrechte  der verwendeten Grafiken und Texte zu beachten, von ihm selbst erstellte  Grafiken und Texte zu nutzen oder auf lizenzfreie Grafiken und Texte zur\u00fcckzugreifen. Alle innerhalb des Internetangebotes  genannten und ggf. durch Dritte gesch\u00fctzten Marken- und Warenzeichen  unterliegen uneingeschr\u00e4nkt den Bestimmungen des jeweils g\u00fcltigen Kennzeichenrechts und den Besitzrechten der jeweiligen  eingetragenen Eigent\u00fcmer. Allein aufgrund der blo\u00dfen Nennung ist nicht  der Schlu\u00df zu ziehen, dass Markenzeichen nicht durch Rechte Dritter gesch\u00fctzt sind.<\/p>\n\n\n\n<p>4. Datenschutz<br>Sofern innerhalb des  Internetangebotes die M\u00f6glichkeit zur Eingabe pers\u00f6nlicher oder  gesch\u00e4ftlicher Daten (Emailadressen, Namen, Anschriften) besteht, so erfolgt die Preisgabe dieser Daten seitens des Nutzers auf ausdr\u00fccklich freiwilliger Basis\ufeff. Die Daten werden nicht, wenn nicht anders  besprochen, an Dritte weitergegeben.<\/p>\n\n\n\n<p><br>5. Rechtswirksamkeit dieses Haftungsausschlusses<br>Dieser Haftungsausschluss ist als Teil des Internetangebotes zu  betrachten, von dem aus auf diese Seite verwiesen wurde. Sofern Teile  oder einzelne Formulierungen dieses Textes der geltenden Rechtslage nicht, nicht mehr oder nicht vollst\u00e4ndig entsprechen sollten, bleiben die \u00fcbrigen Teile des Dokumentes in ihrem Inhalt und ihrer  G\u00fcltigkeit davon unber\u00fchrt. \ufeff<\/p>\n\n\n\n<p>6. Die Informationen der Homepage  www.hpp-hypnose.de ersetzen keine medizinische Beratung. Bei  gesundheitlichen Problemen und Einschr\u00e4nkungen suchen Sie bitte zuerst einen Arzt oder allgemeinen Heilpraktiker auf.<\/p>\n\n\n\n<p>7. Die Inhalte dieser Homepage  wurden sorgf\u00e4ltig gepr\u00fcft und nach bestem Wissen erstellt. F\u00fcr die hier  dargebotenen Imformationen wird kein Anspruch auf Vollst\u00e4ndigkeit, Aktualit\u00e4t und Richtigkeit erhoben. F\u00fcr Sch\u00e4den, die  aufgrund fehlerhafter oder unterbliebener Eintragungen entstehen und  Sch\u00e4den, die durch Verwendung dieser Informationen entstehen k\u00f6nnten, wird keine Haftung \u00fcbernommen.<\/p>\n\n\n\n<p>8. Alle Rechte vorbehalten. Die von mir auf meiner Homepage www.hpp-hypnose.de pers\u00f6nlich erstellten Seiten sind urheberrechtlich gesch\u00fctzt. Dies betrifft  Nachdrucke, \u00dcbernahme in andere elektronische Medien sowie andere Internet-Objekte, die Verwendung von Ausschnitten zu Werbezwecken oder die Benutzung f\u00fcr gewerbem\u00e4ssige Adressenver\u00e4u\u00dferung.<br>Die Nutzung der aufgef\u00fchrten Adressen und Telefonnummern zu Werbe- oder Meinungsforschungszwecken ist nicht gestattet!<\/p>\n\n\n\n<p><\/p>\n","protected":false},"excerpt":{"rendered":"<p>Gesetzliche Berufsbezeichnung:Heilpraktiker, beschr\u00e4nkt auf das Gebiet der Psychotherapie Haftungsausschluss \/ Disclaimervon Stefan Levedag, im Folgenden mit S.L. abgek\u00fcrzt 1. S.L. \u00fcbernimmt keinerlei Gew\u00e4hr f\u00fcr die Aktualit\u00e4t, Korrektheit, Vollst\u00e4ndigkeit oder Qualit\u00e4t der bereitgestellten Informationen sowie der Formulare. Haftungsanspr\u00fcche, welche sich auf Sch\u00e4den materieller oder ideeller Art beziehen, die durch die Nutzung oder Nichtnutzung der dargebotenen Informationen &hellip; <\/p>\n<p class=\"link-more\"><a href=\"https:\/\/hpp-hypnose.de\/?page_id=56\" class=\"more-link\"><span class=\"screen-reader-text\">\u201eImpressum\u201c <\/span>weiterlesen<\/a><\/p>\n","protected":false},"author":1,"featured_media":0,"parent":0,"menu_order":0,"comment_status":"closed","ping_status":"closed","template":"","meta":{"footnotes":""},"class_list":["post-56","page","type-page","status-publish","hentry"],"yoast_head":"<!-- This site is optimized with the Yoast SEO plugin v26.9 - https:\/\/yoast.com\/product\/yoast-seo-wordpress\/ -->\n<title>Impressum - Hypnose-Praxis<\/title>\n<meta name=\"robots\" content=\"index, follow, max-snippet:-1, max-image-preview:large, max-video-preview:-1\" \/>\n<link rel=\"canonical\" href=\"https:\/\/hpp-hypnose.de\/?page_id=56\" \/>\n<meta property=\"og:locale\" content=\"de_DE\" \/>\n<meta property=\"og:type\" content=\"article\" \/>\n<meta property=\"og:title\" content=\"Impressum - Hypnose-Praxis\" \/>\n<meta property=\"og:description\" content=\"Gesetzliche Berufsbezeichnung:Heilpraktiker, beschr\u00e4nkt auf das Gebiet der Psychotherapie Haftungsausschluss \/ Disclaimervon Stefan Levedag, im Folgenden mit S.L. abgek\u00fcrzt 1. S.L. \u00fcbernimmt keinerlei Gew\u00e4hr f\u00fcr die Aktualit\u00e4t, Korrektheit, Vollst\u00e4ndigkeit oder Qualit\u00e4t der bereitgestellten Informationen sowie der Formulare. Haftungsanspr\u00fcche, welche sich auf Sch\u00e4den materieller oder ideeller Art beziehen, die durch die Nutzung oder Nichtnutzung der dargebotenen Informationen &hellip; \u201eImpressum\u201c weiterlesen\" \/>\n<meta property=\"og:url\" content=\"https:\/\/hpp-hypnose.de\/?page_id=56\" \/>\n<meta property=\"og:site_name\" content=\"Hypnose-Praxis\" \/>\n<meta property=\"article:modified_time\" content=\"2019-12-13T11:49:40+00:00\" \/>\n<meta property=\"og:image\" content=\"http:\/\/hpp-hypnose.de\/wp-content\/uploads\/2019\/10\/Bildschirmfoto-2019-10-21-um-19.25.36.png\" \/>\n<meta name=\"twitter:card\" content=\"summary_large_image\" \/>\n<meta name=\"twitter:label1\" content=\"Gesch\u00e4tzte Lesezeit\" \/>\n\t<meta name=\"twitter:data1\" content=\"3\u00a0Minuten\" \/>\n<script type=\"application\/ld+json\" class=\"yoast-schema-graph\">{\"@context\":\"https:\/\/schema.org\",\"@graph\":[{\"@type\":\"WebPage\",\"@id\":\"https:\/\/hpp-hypnose.de\/?page_id=56\",\"url\":\"https:\/\/hpp-hypnose.de\/?page_id=56\",\"name\":\"Impressum - Hypnose-Praxis\",\"isPartOf\":{\"@id\":\"https:\/\/hpp-hypnose.de\/#website\"},\"primaryImageOfPage\":{\"@id\":\"https:\/\/hpp-hypnose.de\/?page_id=56#primaryimage\"},\"image\":{\"@id\":\"https:\/\/hpp-hypnose.de\/?page_id=56#primaryimage\"},\"thumbnailUrl\":\"http:\/\/hpp-hypnose.de\/wp-content\/uploads\/2019\/10\/Bildschirmfoto-2019-10-21-um-19.25.36.png\",\"datePublished\":\"2019-10-21T15:18:24+00:00\",\"dateModified\":\"2019-12-13T11:49:40+00:00\",\"breadcrumb\":{\"@id\":\"https:\/\/hpp-hypnose.de\/?page_id=56#breadcrumb\"},\"inLanguage\":\"de\",\"potentialAction\":[{\"@type\":\"ReadAction\",\"target\":[\"https:\/\/hpp-hypnose.de\/?page_id=56\"]}]},{\"@type\":\"ImageObject\",\"inLanguage\":\"de\",\"@id\":\"https:\/\/hpp-hypnose.de\/?page_id=56#primaryimage\",\"url\":\"https:\/\/hpp-hypnose.de\/wp-content\/uploads\/2019\/10\/Bildschirmfoto-2019-10-21-um-19.25.36.png\",\"contentUrl\":\"https:\/\/hpp-hypnose.de\/wp-content\/uploads\/2019\/10\/Bildschirmfoto-2019-10-21-um-19.25.36.png\",\"width\":528,\"height\":326},{\"@type\":\"BreadcrumbList\",\"@id\":\"https:\/\/hpp-hypnose.de\/?page_id=56#breadcrumb\",\"itemListElement\":[{\"@type\":\"ListItem\",\"position\":1,\"name\":\"Startseite\",\"item\":\"https:\/\/hpp-hypnose.de\/\"},{\"@type\":\"ListItem\",\"position\":2,\"name\":\"Impressum\"}]},{\"@type\":\"WebSite\",\"@id\":\"https:\/\/hpp-hypnose.de\/#website\",\"url\":\"https:\/\/hpp-hypnose.de\/\",\"name\":\"Hypnose-Praxis\",\"description\":\"Das Unterbewu\u00dftsein f\u00fcr Heilung und Coaching nutzen\",\"potentialAction\":[{\"@type\":\"SearchAction\",\"target\":{\"@type\":\"EntryPoint\",\"urlTemplate\":\"https:\/\/hpp-hypnose.de\/?s={search_term_string}\"},\"query-input\":{\"@type\":\"PropertyValueSpecification\",\"valueRequired\":true,\"valueName\":\"search_term_string\"}}],\"inLanguage\":\"de\"}]}<\/script>\n<!-- \/ Yoast SEO plugin. -->","yoast_head_json":{"title":"Impressum - Hypnose-Praxis","robots":{"index":"index","follow":"follow","max-snippet":"max-snippet:-1","max-image-preview":"max-image-preview:large","max-video-preview":"max-video-preview:-1"},"canonical":"https:\/\/hpp-hypnose.de\/?page_id=56","og_locale":"de_DE","og_type":"article","og_title":"Impressum - Hypnose-Praxis","og_description":"Gesetzliche Berufsbezeichnung:Heilpraktiker, beschr\u00e4nkt auf das Gebiet der Psychotherapie Haftungsausschluss \/ Disclaimervon Stefan Levedag, im Folgenden mit S.L. abgek\u00fcrzt 1. S.L. \u00fcbernimmt keinerlei Gew\u00e4hr f\u00fcr die Aktualit\u00e4t, Korrektheit, Vollst\u00e4ndigkeit oder Qualit\u00e4t der bereitgestellten Informationen sowie der Formulare. Haftungsanspr\u00fcche, welche sich auf Sch\u00e4den materieller oder ideeller Art beziehen, die durch die Nutzung oder Nichtnutzung der dargebotenen Informationen &hellip; \u201eImpressum\u201c weiterlesen","og_url":"https:\/\/hpp-hypnose.de\/?page_id=56","og_site_name":"Hypnose-Praxis","article_modified_time":"2019-12-13T11:49:40+00:00","og_image":[{"url":"http:\/\/hpp-hypnose.de\/wp-content\/uploads\/2019\/10\/Bildschirmfoto-2019-10-21-um-19.25.36.png","type":"","width":"","height":""}],"twitter_card":"summary_large_image","twitter_misc":{"Gesch\u00e4tzte Lesezeit":"3\u00a0Minuten"},"schema":{"@context":"https:\/\/schema.org","@graph":[{"@type":"WebPage","@id":"https:\/\/hpp-hypnose.de\/?page_id=56","url":"https:\/\/hpp-hypnose.de\/?page_id=56","name":"Impressum - Hypnose-Praxis","isPartOf":{"@id":"https:\/\/hpp-hypnose.de\/#website"},"primaryImageOfPage":{"@id":"https:\/\/hpp-hypnose.de\/?page_id=56#primaryimage"},"image":{"@id":"https:\/\/hpp-hypnose.de\/?page_id=56#primaryimage"},"thumbnailUrl":"http:\/\/hpp-hypnose.de\/wp-content\/uploads\/2019\/10\/Bildschirmfoto-2019-10-21-um-19.25.36.png","datePublished":"2019-10-21T15:18:24+00:00","dateModified":"2019-12-13T11:49:40+00:00","breadcrumb":{"@id":"https:\/\/hpp-hypnose.de\/?page_id=56#breadcrumb"},"inLanguage":"de","potentialAction":[{"@type":"ReadAction","target":["https:\/\/hpp-hypnose.de\/?page_id=56"]}]},{"@type":"ImageObject","inLanguage":"de","@id":"https:\/\/hpp-hypnose.de\/?page_id=56#primaryimage","url":"https:\/\/hpp-hypnose.de\/wp-content\/uploads\/2019\/10\/Bildschirmfoto-2019-10-21-um-19.25.36.png","contentUrl":"https:\/\/hpp-hypnose.de\/wp-content\/uploads\/2019\/10\/Bildschirmfoto-2019-10-21-um-19.25.36.png","width":528,"height":326},{"@type":"BreadcrumbList","@id":"https:\/\/hpp-hypnose.de\/?page_id=56#breadcrumb","itemListElement":[{"@type":"ListItem","position":1,"name":"Startseite","item":"https:\/\/hpp-hypnose.de\/"},{"@type":"ListItem","position":2,"name":"Impressum"}]},{"@type":"WebSite","@id":"https:\/\/hpp-hypnose.de\/#website","url":"https:\/\/hpp-hypnose.de\/","name":"Hypnose-Praxis","description":"Das Unterbewu\u00dftsein f\u00fcr Heilung und Coaching nutzen","potentialAction":[{"@type":"SearchAction","target":{"@type":"EntryPoint","urlTemplate":"https:\/\/hpp-hypnose.de\/?s={search_term_string}"},"query-input":{"@type":"PropertyValueSpecification","valueRequired":true,"valueName":"search_term_string"}}],"inLanguage":"de"}]}},"_links":{"self":[{"href":"https:\/\/hpp-hypnose.de\/index.php?rest_route=\/wp\/v2\/pages\/56","targetHints":{"allow":["GET"]}}],"collection":[{"href":"https:\/\/hpp-hypnose.de\/index.php?rest_route=\/wp\/v2\/pages"}],"about":[{"href":"https:\/\/hpp-hypnose.de\/index.php?rest_route=\/wp\/v2\/types\/page"}],"author":[{"embeddable":true,"href":"https:\/\/hpp-hypnose.de\/index.php?rest_route=\/wp\/v2\/users\/1"}],"replies":[{"embeddable":true,"href":"https:\/\/hpp-hypnose.de\/index.php?rest_route=%2Fwp%2Fv2%2Fcomments&post=56"}],"version-history":[{"count":6,"href":"https:\/\/hpp-hypnose.de\/index.php?rest_route=\/wp\/v2\/pages\/56\/revisions"}],"predecessor-version":[{"id":67,"href":"https:\/\/hpp-hypnose.de\/index.php?rest_route=\/wp\/v2\/pages\/56\/revisions\/67"}],"wp:attachment":[{"href":"https:\/\/hpp-hypnose.de\/index.php?rest_route=%2Fwp%2Fv2%2Fmedia&parent=56"}],"curies":[{"name":"wp","href":"https:\/\/api.w.org\/{rel}","templated":true}]}}